{"id":2,"date":"2017-02-09T19:22:16","date_gmt":"2017-02-09T19:22:16","guid":{"rendered":"https:\/\/aloeveraubeogradu.com\/?page_id=2"},"modified":"2017-10-09T22:42:36","modified_gmt":"2017-10-09T20:42:36","slug":"sample-page","status":"publish","type":"page","link":"https:\/\/aloeveraubeogradu.com\/","title":{"rendered":"Aloe Vera kroz istoriju"},"content":{"rendered":"<p style=\"font-size: 16px;\"><img loading=\"lazy\" decoding=\"async\" class=\"wp-image-13 alignleft\" src=\"https:\/\/aloeveraubeogradu.com\/wp-content\/uploads\/2017\/02\/Aloe-Vera-sa-proizvodima-300x300.jpg\" alt=\"\" width=\"334\" height=\"334\" srcset=\"https:\/\/aloeveraubeogradu.com\/wp-content\/uploads\/2017\/02\/Aloe-Vera-sa-proizvodima-300x300.jpg 300w, https:\/\/aloeveraubeogradu.com\/wp-content\/uploads\/2017\/02\/Aloe-Vera-sa-proizvodima-150x150.jpg 150w, https:\/\/aloeveraubeogradu.com\/wp-content\/uploads\/2017\/02\/Aloe-Vera-sa-proizvodima-768x768.jpg 768w, https:\/\/aloeveraubeogradu.com\/wp-content\/uploads\/2017\/02\/Aloe-Vera-sa-proizvodima-1024x1024.jpg 1024w, https:\/\/aloeveraubeogradu.com\/wp-content\/uploads\/2017\/02\/Aloe-Vera-sa-proizvodima-500x500.jpg 500w, https:\/\/aloeveraubeogradu.com\/wp-content\/uploads\/2017\/02\/Aloe-Vera-sa-proizvodima.jpg 2048w\" sizes=\"auto, (max-width: 334px) 100vw, 334px\" \/>Lekovitost Aloe Vera se spominje jo\u0161 u Starom zavetu, 6000 god. p.n.e., a prvi recepti datiraju iz Mesopotamije, ta\u010dnije na\u0111eni su na glinenim tablicama (2200 god. pre Hrista). Nema civilizacije koja nije koristila blagotvorna dejstva ove biljke. Koristili su je faraoni, Aleksandar Veliki. Napoleonovi vojnici su le\u010dili povrede sokom ove biljke, Indijanci je smatraju jednom od 16 svetih biljaka, a kineski lekari su koristili njeno trnje za akupunkturu. Izme\u0111u X i XIII. veka aloja postaje \u0161iroko prihva\u0107ena u medicini Evrope, a po\u010detkom 20 veka u Americi.<\/p>\n<div class=\"_4tdt _ua1\">\n<div class=\"_ua2\">\n<div class=\"_4tdv\">\n<div class=\"_5wd4 _1nc7 direction_ltr\">\n<div class=\"_h8t\">\n<div class=\"_5wd9\">\n<div class=\"_5wde _n4o\">\n<div class=\"_5w1r _3_om _5wdf\">\n<div class=\"_4gx_\">\n<div class=\"_d97\">&nbsp;<\/div>\n<div class=\"_d97\"><strong><span class=\"_5yl5\">ALOE VERA &#8211; SASTAV<\/span><\/strong><\/div>\n<div class=\"_d97\"><span class=\"_5yl5\">&nbsp;Koji su sastojci aloe vera? \u0160ta je to \u0161to je \u010dini toliko mo\u0107nim isceliteljem? List aloe vere sadr\u017ei preko 240 hranjivih i lekovitih sastojaka, uklju\u010duju\u0107i vitamine, minerale, enzime, \u0161e\u0107ere, lignin, saponine, sterole, aminokiseline, salicilnu kiselinu &#8230; Ne postoji drugi prirodni proizvod koji sadr\u017ei toliko sastojaka, blagotvornih za zdravlje.<\/span><\/div>\n<\/div>\n<\/div>\n<\/div>\n<\/div>\n<div class=\"_d97\">&nbsp;<\/div>\n<\/div>\n<\/div>\n<\/div>\n<div class=\"_d97\">&nbsp;<\/div>\n<div class=\"_4tdv\">\n<div class=\"_5wd4 _1nc7 direction_ltr\">\n<div class=\"_h8t\">\n<div class=\"_5wd9\">\n<div class=\"_5wde _n4o\">\n<div class=\"_5w1r _3_om _5wdf\">\n<div class=\"_4gx_\">\n<div class=\"_d97\"><a href=\"https:\/\/www.youtube.com\/watch?v=nZJoLLpoUwk&amp;list=PLNNhLkOCooDlcdBGulWE64eGzag1pnZds&amp;index=26\">Video<\/a><\/div>\n<div class=\"_d97\">&nbsp;<\/div>\n<div class=\"_d97\">&nbsp;<\/div>\n<div class=\"_d97\"><strong><span class=\"_5yl5\">SASTAV ALOE VERA I NJEGOV UTICAJ NA ZDRAVLJE<\/span><\/strong><\/div>\n<div class=\"_d97\">&nbsp;<\/div>\n<div class=\"_d97\"><span class=\"_5yl5\">1. <strong>Aminokiseline<\/strong> &#8211; Aloe vera sadr\u017ei 19 od 20 poznatih aminokiselina, koje su potrebne na\u0161em organizmu. Ljudsko telo mo\u017ee proizvesti samo 12 od 20 aminokiselina, ostalih 8 moraju se unositi hranom. Ove aminokiseline su poznate kao esencijalne aminokiseline. Aloe vera sadr\u017ei 7 od 8 esencijalnih aminokiselina: Izoleucin, Leucin, Lizin, Metionin, Fenilalanin, Treonin, Valin. <\/span><\/div>\n<div class=\"_d97\"><span class=\"_5yl5\">Aloe vera tako\u0111e sadr\u017ei 12 ne-esencijalnih aminokiselina: Alanin, Arginin, Asparagin, Cistein, Glutaminsku kiselinu, Glicin, Histidin, Prolin, Serin, Tirozin, Glutamin, Asparaginsku kiselinu. Aminokiseline su va\u017eni elementi, koji u\u010destvuju u izgradnji proteina i mi\u0161i\u0107nog tkiva. &nbsp;<a class=\"fasc-button fasc-size-medium fasc-type-popout fasc-ico-before dashicons-editor-paste-text\" style=\"background-color: #33809e; color: #ffffff;\" href=\"https:\/\/aloeveraubeogradu.com\/2017\/03\/22\/vise-informacija-sastav-aloe-vera-i-njegov-uticaj-na-zdravlje\/\">Pro\u010ditaj vi\u0161e<\/a><\/span><\/div>\n<\/div>\n<\/div>\n<\/div>\n<\/div>\n<\/div>\n<\/div>\n<div class=\"_d97\">&nbsp;<\/div>\n<div class=\"_d97\">&nbsp;<\/div>\n<div class=\"_5wd4 _1nc7 direction_ltr\">\n<div class=\"_h8t\">\n<div class=\"_5wd9\">\n<div class=\"_5wde _n4o\">&nbsp;<\/div>\n<div class=\"_5wde _n4o\">\n<p style=\"text-align: left;\"><strong>Informacije o kompaniji Forever Living Products<\/strong><\/p>\n<p style=\"text-align: left;\">Reks Mogan <img loading=\"lazy\" decoding=\"async\" class=\"alignnone wp-image-456\" src=\"https:\/\/aloeveraubeogradu.com\/wp-content\/uploads\/2017\/02\/RexPortrait-XL.jpg\" alt=\"\" width=\"64\" height=\"96\" srcset=\"https:\/\/aloeveraubeogradu.com\/wp-content\/uploads\/2017\/02\/RexPortrait-XL.jpg 512w, https:\/\/aloeveraubeogradu.com\/wp-content\/uploads\/2017\/02\/RexPortrait-XL-200x300.jpg 200w, https:\/\/aloeveraubeogradu.com\/wp-content\/uploads\/2017\/02\/RexPortrait-XL-333x500.jpg 333w\" sizes=\"auto, (max-width: 64px) 100vw, 64px\" \/>&nbsp;je u Arizoni 1978. godine osnovao kompaniju Forever Living Products &nbsp;<img loading=\"lazy\" decoding=\"async\" class=\"alignnone wp-image-5\" src=\"https:\/\/aloeveraubeogradu.com\/wp-content\/uploads\/2017\/02\/FLP-Logo.jpg\" alt=\"\" width=\"48\" height=\"60\">, vo\u0111en idejom o kvalitetnim proizvodima, pobolj\u0161anju zdravlja i finansijskoj slobodi. Vo\u0111en svojom vizijom od inicijalne ideje, razvio je kompaniju sa prometom od vi\u0161e milijardi USA dolara, koja posluje na svetskom nivou, koja je unapredila \u017eivote miliona ljudi uz pomo\u0107 odli\u010dnih proizvoda, stabilnim poslovnim modelom, \u0161irenjem na svetskom nivou kao i dobrotvornim radom. &nbsp;<a class=\"fasc-button fasc-size-medium fasc-type-popout fasc-ico-before dashicons-editor-paste-text\" style=\"background-color: #33809e; color: #ffffff;\" href=\"https:\/\/aloeveraubeogradu.com\/2017\/03\/22\/vise-informacija-o-kompaniji-forever-living-products\/\">Pro\u010ditaj vi\u0161e<\/a><\/p>\n<\/div>\n<p>&nbsp;<\/p>\n<\/div>\n<\/div>\n<\/div>\n<\/div>\n<\/div>\n<\/div>\n<div class=\"_4tdt _ua1\">&nbsp;<\/div>\n<div id=\"allcontainer\">&nbsp;<\/div>\n<p>&nbsp;<\/p>\n","protected":false},"excerpt":{"rendered":"<p>Lekovitost Aloe Vera se spominje jo\u0161 u Starom zavetu, 6000 god. p.n.e., a prvi recepti datiraju iz Mesopotamije, ta\u010dnije na\u0111eni su na glinenim tablicama (2200 god. pre Hrista). Nema civilizacije <a href=\"https:\/\/aloeveraubeogradu.com\/\" class=\"more-link\">[&hellip;]<\/a><\/p>\n","protected":false},"author":1,"featured_media":0,"parent":0,"menu_order":0,"comment_status":"closed","ping_status":"open","template":"","meta":{"Layout":"","footnotes":""},"class_list":["entry","author-manojlo","post-2","page","type-page","status-publish"],"aioseo_notices":[],"_links":{"self":[{"href":"https:\/\/aloeveraubeogradu.com\/index.php?rest_route=\/wp\/v2\/pages\/2","targetHints":{"allow":["GET"]}}],"collection":[{"href":"https:\/\/aloeveraubeogradu.com\/index.php?rest_route=\/wp\/v2\/pages"}],"about":[{"href":"https:\/\/aloeveraubeogradu.com\/index.php?rest_route=\/wp\/v2\/types\/page"}],"author":[{"embeddable":true,"href":"https:\/\/aloeveraubeogradu.com\/index.php?rest_route=\/wp\/v2\/users\/1"}],"replies":[{"embeddable":true,"href":"https:\/\/aloeveraubeogradu.com\/index.php?rest_route=%2Fwp%2Fv2%2Fcomments&post=2"}],"version-history":[{"count":47,"href":"https:\/\/aloeveraubeogradu.com\/index.php?rest_route=\/wp\/v2\/pages\/2\/revisions"}],"predecessor-version":[{"id":669,"href":"https:\/\/aloeveraubeogradu.com\/index.php?rest_route=\/wp\/v2\/pages\/2\/revisions\/669"}],"wp:attachment":[{"href":"https:\/\/aloeveraubeogradu.com\/index.php?rest_route=%2Fwp%2Fv2%2Fmedia&parent=2"}],"curies":[{"name":"wp","href":"https:\/\/api.w.org\/{rel}","templated":true}]}}